{"id":111,"date":"2017-03-13T20:48:13","date_gmt":"2017-03-13T20:48:13","guid":{"rendered":"http:\/\/iefundacion.org\/?page_id=111"},"modified":"2019-03-13T11:18:59","modified_gmt":"2019-03-13T16:18:59","slug":"principios","status":"publish","type":"page","link":"https:\/\/iefundacion.org\/en\/quienessomos\/principios\/","title":{"rendered":"Nuestros Principios"},"content":{"rendered":"<p><img loading=\"lazy\" decoding=\"async\" class=\"size-large wp-image-129 aligncenter\" src=\"http:\/\/iefundacion.org\/wp-content\/uploads\/2017\/03\/principios-1024x478.jpg\" alt=\"\" width=\"640\" height=\"299\" srcset=\"https:\/\/iefundacion.org\/wp-content\/uploads\/2017\/03\/principios-1024x478.jpg 1024w, https:\/\/iefundacion.org\/wp-content\/uploads\/2017\/03\/principios-300x140.jpg 300w, https:\/\/iefundacion.org\/wp-content\/uploads\/2017\/03\/principios-768x358.jpg 768w, https:\/\/iefundacion.org\/wp-content\/uploads\/2017\/03\/principios.jpg 1423w\" sizes=\"auto, (max-width: 640px) 100vw, 640px\" \/><\/p>\n<p>Los principios son normas o ideas fundamentales que rigen el pensamiento o la conducta de los integrantes de un grupo humano, y se busca que todos los miembros de la fundaci\u00f3n internalicen y vivan en armon\u00eda.<\/p>\n<p>Los principios se consideran, normalmente, inmutables a trav\u00e9s del tiempo. Cambiar los principios, para muchos, es como cambiar de moral, como ser incoherente en la vida. Cuando se est\u00e1 hablando de estos principios, se entiende como tales, entre otras cosas, la dignidad de la persona, el respeto a la palabra dada, la integridad, la honestidad, la lealtad, el respeto la vida, procurar hacer el bien, amar la patria, etc.<\/p>\n<p>Los principios de la Fundaci\u00f3n est\u00e1n sustentados en la filosof\u00eda del <strong>grupo<\/strong> <strong>empresarial ie<\/strong>, los cuales se basan en la responsabilidad y el compromiso con la gente, trabajando con responsabilidad social y ambiental al igual que mantener relaciones mutuamente beneficiosas.<\/p>\n<ul>\n<li>Enti\u00e9ndase <b>Responsabilidad Socia<\/b>l como el eje principal del accionar de la fundaci\u00f3n frente a los sectores vulnerables de la sociedad.<\/li>\n<\/ul>\n<ul>\n<li><b>La Pluridiversidad:\u00a0<\/b>La fundaci\u00f3n promueve la libertad de ense\u00f1ar y la difusi\u00f3n del pensamiento en un ambiente de pluralismo ideol\u00f3gico y diversidad cultural que haga posible la cr\u00edtica y el debate, dentro de los par\u00e1metros del respeto.<\/li>\n<\/ul>\n<ul>\n<li><b>La Equidad:\u00a0<\/b>La fundaci\u00f3n promueve el respeto y prevalece el inter\u00e9s p\u00fablico sobre el particular y la defensa de la igualdad de oportunidades.\u00a0Reafirma como valores corporativos la justicia, el amor por el pa\u00eds, y el respeto en todas sus manifestaciones.<\/li>\n<\/ul>\n<p><img loading=\"lazy\" decoding=\"async\" class=\"size-full wp-image-112 aligncenter\" src=\"http:\/\/iefundacion.org\/wp-content\/uploads\/2017\/03\/Afro_Colombianos_by_Alejandra_Quintero_Sinisterra.png\" alt=\"\" width=\"841\" height=\"561\" srcset=\"https:\/\/iefundacion.org\/wp-content\/uploads\/2017\/03\/Afro_Colombianos_by_Alejandra_Quintero_Sinisterra.png 841w, https:\/\/iefundacion.org\/wp-content\/uploads\/2017\/03\/Afro_Colombianos_by_Alejandra_Quintero_Sinisterra-300x200.png 300w, https:\/\/iefundacion.org\/wp-content\/uploads\/2017\/03\/Afro_Colombianos_by_Alejandra_Quintero_Sinisterra-768x512.png 768w, https:\/\/iefundacion.org\/wp-content\/uploads\/2017\/03\/Afro_Colombianos_by_Alejandra_Quintero_Sinisterra-750x500.png 750w\" sizes=\"auto, (max-width: 841px) 100vw, 841px\" \/><\/p>","protected":false},"excerpt":{"rendered":"<p>Los principios son normas o ideas fundamentales que rigen el pensamiento o la conducta de los integrantes de un grupo humano, y se busca que todos los miembros de la fundaci\u00f3n internalicen y vivan en armon\u00eda. Los principios se consideran, normalmente, inmutables a trav\u00e9s del tiempo. Cambiar los principios, para muchos, es como cambiar de moral, como ser incoherente en la vida. Cuando se est\u00e1 hablando de estos principios, se entiende como tales, entre otras cosas, la dignidad de la persona, el respeto a la palabra dada, la integridad, la honestidad, la lealtad, el respeto la vida, procurar hacer el&#8230; <\/p>\n","protected":false},"author":1,"featured_media":0,"parent":8,"menu_order":12,"comment_status":"closed","ping_status":"closed","template":"","meta":{"footnotes":""},"class_list":["post-111","page","type-page","status-publish","hentry"],"_links":{"self":[{"href":"https:\/\/iefundacion.org\/en\/wp-json\/wp\/v2\/pages\/111","targetHints":{"allow":["GET"]}}],"collection":[{"href":"https:\/\/iefundacion.org\/en\/wp-json\/wp\/v2\/pages"}],"about":[{"href":"https:\/\/iefundacion.org\/en\/wp-json\/wp\/v2\/types\/page"}],"author":[{"embeddable":true,"href":"https:\/\/iefundacion.org\/en\/wp-json\/wp\/v2\/users\/1"}],"replies":[{"embeddable":true,"href":"https:\/\/iefundacion.org\/en\/wp-json\/wp\/v2\/comments?post=111"}],"version-history":[{"count":9,"href":"https:\/\/iefundacion.org\/en\/wp-json\/wp\/v2\/pages\/111\/revisions"}],"predecessor-version":[{"id":1117,"href":"https:\/\/iefundacion.org\/en\/wp-json\/wp\/v2\/pages\/111\/revisions\/1117"}],"up":[{"embeddable":true,"href":"https:\/\/iefundacion.org\/en\/wp-json\/wp\/v2\/pages\/8"}],"wp:attachment":[{"href":"https:\/\/iefundacion.org\/en\/wp-json\/wp\/v2\/media?parent=111"}],"curies":[{"name":"wp","href":"https:\/\/api.w.org\/{rel}","templated":true}]}}