{"id":1548,"date":"2020-09-17T10:13:25","date_gmt":"2020-09-17T15:13:25","guid":{"rendered":"http:\/\/iefundacion.org\/?page_id=1548"},"modified":"2021-10-02T21:59:46","modified_gmt":"2021-10-03T02:59:46","slug":"nuestras-estrategias","status":"publish","type":"page","link":"https:\/\/iefundacion.org\/en\/nuestras-estrategias\/","title":{"rendered":"Nuestras Estrategias"},"content":{"rendered":"\t\t<div data-elementor-type=\"wp-post\" data-elementor-id=\"1548\" class=\"elementor elementor-1548\" data-elementor-settings=\"[]\">\n\t\t\t\t\t\t<div class=\"elementor-inner\">\n\t\t\t\t\t\t\t<div class=\"elementor-section-wrap\">\n\t\t\t\t\t\t\t<section class=\"elementor-section elementor-top-section elementor-element elementor-element-51fae1e1 elementor-section-boxed elementor-section-height-default elementor-section-height-default\" data-id=\"51fae1e1\" data-element_type=\"section\">\n\t\t\t\t\t\t<div class=\"elementor-container elementor-column-gap-no\">\n\t\t\t\t\t\t\t<div class=\"elementor-row\">\n\t\t\t\t\t<div class=\"elementor-column elementor-col-50 elementor-top-column elementor-element elementor-element-66b6d230\" data-id=\"66b6d230\" data-element_type=\"column\">\n\t\t\t<div class=\"elementor-column-wrap elementor-element-populated\">\n\t\t\t\t\t\t\t<div class=\"elementor-widget-wrap\">\n\t\t\t\t\t\t<div class=\"elementor-element elementor-element-673608b4 elementor-widget elementor-widget-image\" data-id=\"673608b4\" data-element_type=\"widget\" data-widget_type=\"image.default\">\n\t\t\t\t<div class=\"elementor-widget-container\">\n\t\t\t\t\t\t\t\t<div class=\"elementor-image\">\n\t\t\t\t\t\t\t\t\t\t\t\t<img loading=\"lazy\" decoding=\"async\" width=\"1080\" height=\"1080\" src=\"https:\/\/iefundacion.org\/wp-content\/uploads\/2019\/02\/Dise\u00f1o-sin-t\u00edtulo-1.jpg\" class=\"attachment-full size-full\" alt=\"\" srcset=\"https:\/\/iefundacion.org\/wp-content\/uploads\/2019\/02\/Dise\u00f1o-sin-t\u00edtulo-1.jpg 1080w, https:\/\/iefundacion.org\/wp-content\/uploads\/2019\/02\/Dise\u00f1o-sin-t\u00edtulo-1-150x150.jpg 150w, https:\/\/iefundacion.org\/wp-content\/uploads\/2019\/02\/Dise\u00f1o-sin-t\u00edtulo-1-300x300.jpg 300w, https:\/\/iefundacion.org\/wp-content\/uploads\/2019\/02\/Dise\u00f1o-sin-t\u00edtulo-1-768x768.jpg 768w, https:\/\/iefundacion.org\/wp-content\/uploads\/2019\/02\/Dise\u00f1o-sin-t\u00edtulo-1-1024x1024.jpg 1024w\" sizes=\"auto, (max-width: 1080px) 100vw, 1080px\" \/>\t\t\t\t\t\t\t\t\t\t\t\t\t\t<\/div>\n\t\t\t\t\t\t<\/div>\n\t\t\t\t<\/div>\n\t\t\t\t\t\t<\/div>\n\t\t\t\t\t<\/div>\n\t\t<\/div>\n\t\t\t\t<div class=\"elementor-column elementor-col-50 elementor-top-column elementor-element elementor-element-36114073\" data-id=\"36114073\" data-element_type=\"column\" data-settings=\"{&quot;background_background&quot;:&quot;classic&quot;}\">\n\t\t\t<div class=\"elementor-column-wrap elementor-element-populated\">\n\t\t\t\t\t\t\t<div class=\"elementor-widget-wrap\">\n\t\t\t\t\t\t<div class=\"elementor-element elementor-element-783e2feb elementor-widget elementor-widget-heading\" data-id=\"783e2feb\" data-element_type=\"widget\" data-widget_type=\"heading.default\">\n\t\t\t\t<div class=\"elementor-widget-container\">\n\t\t\t<h2 class=\"elementor-heading-title elementor-size-large\">nuestras estrategias<\/h2>\t\t<\/div>\n\t\t\t\t<\/div>\n\t\t\t\t<section class=\"elementor-section elementor-inner-section elementor-element elementor-element-3af773ce elementor-reverse-mobile elementor-section-boxed elementor-section-height-default elementor-section-height-default\" data-id=\"3af773ce\" data-element_type=\"section\" data-settings=\"{&quot;background_background&quot;:&quot;classic&quot;}\">\n\t\t\t\t\t\t<div class=\"elementor-container elementor-column-gap-default\">\n\t\t\t\t\t\t\t<div class=\"elementor-row\">\n\t\t\t\t\t<div class=\"elementor-column elementor-col-100 elementor-inner-column elementor-element elementor-element-1cbc8130\" data-id=\"1cbc8130\" data-element_type=\"column\" data-settings=\"{&quot;background_background&quot;:&quot;classic&quot;}\">\n\t\t\t<div class=\"elementor-column-wrap elementor-element-populated\">\n\t\t\t\t\t\t\t<div class=\"elementor-widget-wrap\">\n\t\t\t\t\t\t<div class=\"elementor-element elementor-element-5fe71b55 elementor-widget elementor-widget-text-editor\" data-id=\"5fe71b55\" data-element_type=\"widget\" data-widget_type=\"text-editor.default\">\n\t\t\t\t<div class=\"elementor-widget-container\">\n\t\t\t\t\t\t\t\t<div class=\"elementor-text-editor elementor-clearfix\">\n\t\t\t\t<p><span style=\"color: #ffffff; font-weight: 300;\"><em>Pol\u00edticas de formaci\u00f3n, circulaci\u00f3n, divulgaci\u00f3n, creaci\u00f3n e investigaci\u00f3n de las artes esc\u00e9nicas, pl\u00e1sticas, musicales y audiovisuales.<br><\/em><\/span><\/p><p><span style=\"color: #ffffff; font-weight: 300;\"><em><br><\/em><\/span><\/p>\n<p><\/p>\n<p><span style=\"color: #ffffff; font-weight: 300;\"><em>La visibilizaci\u00f3n y el fomento de las relaciones interculturales de los diversos grupos sociales, poblacionales y manifestaciones de las culturas urbanas y rurales<\/em><\/span><span style=\"color: #ffffff;\"><em>.<\/em><\/span><\/p><p><span style=\"color: #ffffff;\"><em><br><\/em><\/span><\/p>\n<p><\/p>\n<p><span style=\"color: #ffffff; font-weight: 300;\"><em>La realizaci\u00f3n de actividades f\u00edsicas, deportivas y recreativas orientadas a la poblaci\u00f3n en su conjunto.<br><\/em><\/span><\/p><p><span style=\"color: #ffffff; font-weight: 300;\"><em><br><\/em><\/span><\/p>\n<p><\/p>\n<p><span style=\"color: #ffffff; font-weight: 300;\"><em>La pr\u00e1ctica del deporte como \u00e1mbito propicio para el desarrollo y la inclusi\u00f3n social.<\/em><\/span><\/p><p><span style=\"color: #ffffff; font-weight: 300;\"><em><br><\/em><\/span><\/p>\n<p><\/p>\n<p><span style=\"color: #ffffff; font-weight: 300;\"><em>La difusi\u00f3n, promoci\u00f3n y protecci\u00f3n de los derechos civiles, econ\u00f3micos, sociales y culturales.<\/em><\/span><\/p><p><span style=\"color: #ffffff; font-weight: 300;\"><em><br><\/em><\/span><\/p>\n<p><\/p>\n<p><span style=\"color: #ffffff; font-weight: 300;\"><em>La promoci\u00f3n de la protecci\u00f3n de la vida, la interinidad y bienes individuales y colectivos.<\/em><\/span><\/p><p><span style=\"color: #ffffff; font-weight: 300;\"><em><br><\/em><\/span><\/p>\n<p><\/p>\n<p><span style=\"color: #ffffff; font-weight: 300;\"><em>Formaci\u00f3n de la poblaci\u00f3n en los mecanismos de participaci\u00f3n ciudadana.<\/em><\/span><\/p>\n<p><span style=\"color: #ffffff; font-weight: 300;\"><em><br><\/em><\/span><\/p>\n<p><span style=\"color: #ffffff; font-weight: 300;\"><em>El fomento de la democracia y la paz entre los individuos y las comunidades.<\/em><\/span><\/p>\t\t\t\t\t<\/div>\n\t\t\t\t\t\t<\/div>\n\t\t\t\t<\/div>\n\t\t\t\t\t\t<\/div>\n\t\t\t\t\t<\/div>\n\t\t<\/div>\n\t\t\t\t\t\t\t\t<\/div>\n\t\t\t\t\t<\/div>\n\t\t<\/section>\n\t\t\t\t\t\t<\/div>\n\t\t\t\t\t<\/div>\n\t\t<\/div>\n\t\t\t\t\t\t\t\t<\/div>\n\t\t\t\t\t<\/div>\n\t\t<\/section>\n\t\t\t\t<section class=\"elementor-section elementor-top-section elementor-element elementor-element-28032e76 elementor-section-full_width elementor-section-height-default elementor-section-height-default\" data-id=\"28032e76\" data-element_type=\"section\">\n\t\t\t\t\t\t<div class=\"elementor-container elementor-column-gap-no\">\n\t\t\t\t\t\t\t<div class=\"elementor-row\">\n\t\t\t\t\t<div class=\"elementor-column elementor-col-33 elementor-top-column elementor-element elementor-element-307a5cb5\" data-id=\"307a5cb5\" data-element_type=\"column\" data-settings=\"{&quot;background_background&quot;:&quot;classic&quot;}\">\n\t\t\t<div class=\"elementor-column-wrap elementor-element-populated\">\n\t\t\t\t\t\t\t<div class=\"elementor-widget-wrap\">\n\t\t\t\t\t\t<div class=\"elementor-element elementor-element-146d9c94 elementor-widget elementor-widget-image\" data-id=\"146d9c94\" data-element_type=\"widget\" data-widget_type=\"image.default\">\n\t\t\t\t<div class=\"elementor-widget-container\">\n\t\t\t\t\t\t\t\t<div class=\"elementor-image\">\n\t\t\t\t\t\t\t\t\t\t\t\t<img loading=\"lazy\" decoding=\"async\" width=\"693\" height=\"393\" src=\"https:\/\/iefundacion.org\/wp-content\/uploads\/2020\/11\/Henry-cardenas-television-4.png\" class=\"attachment-full size-full\" alt=\"\" srcset=\"https:\/\/iefundacion.org\/wp-content\/uploads\/2020\/11\/Henry-cardenas-television-4.png 693w, https:\/\/iefundacion.org\/wp-content\/uploads\/2020\/11\/Henry-cardenas-television-4-300x170.png 300w\" sizes=\"auto, (max-width: 693px) 100vw, 693px\" \/>\t\t\t\t\t\t\t\t\t\t\t\t\t\t<\/div>\n\t\t\t\t\t\t<\/div>\n\t\t\t\t<\/div>\n\t\t\t\t\t\t<\/div>\n\t\t\t\t\t<\/div>\n\t\t<\/div>\n\t\t\t\t<div class=\"elementor-column elementor-col-33 elementor-top-column elementor-element elementor-element-4cbe82d4\" data-id=\"4cbe82d4\" data-element_type=\"column\" data-settings=\"{&quot;background_background&quot;:&quot;classic&quot;}\">\n\t\t\t<div class=\"elementor-column-wrap elementor-element-populated\">\n\t\t\t\t\t\t\t<div class=\"elementor-widget-wrap\">\n\t\t\t\t\t\t<div class=\"elementor-element elementor-element-3514bf16 elementor-widget elementor-widget-image\" data-id=\"3514bf16\" data-element_type=\"widget\" data-widget_type=\"image.default\">\n\t\t\t\t<div class=\"elementor-widget-container\">\n\t\t\t\t\t\t\t\t<div class=\"elementor-image\">\n\t\t\t\t\t\t\t\t\t\t\t\t<img loading=\"lazy\" decoding=\"async\" width=\"931\" height=\"485\" src=\"https:\/\/iefundacion.org\/wp-content\/uploads\/2020\/11\/usuario-nelchafo.png\" class=\"attachment-full size-full\" alt=\"\" srcset=\"https:\/\/iefundacion.org\/wp-content\/uploads\/2020\/11\/usuario-nelchafo.png 931w, https:\/\/iefundacion.org\/wp-content\/uploads\/2020\/11\/usuario-nelchafo-300x156.png 300w, https:\/\/iefundacion.org\/wp-content\/uploads\/2020\/11\/usuario-nelchafo-768x400.png 768w\" sizes=\"auto, (max-width: 931px) 100vw, 931px\" \/>\t\t\t\t\t\t\t\t\t\t\t\t\t\t<\/div>\n\t\t\t\t\t\t<\/div>\n\t\t\t\t<\/div>\n\t\t\t\t\t\t<\/div>\n\t\t\t\t\t<\/div>\n\t\t<\/div>\n\t\t\t\t<div class=\"elementor-column elementor-col-33 elementor-top-column elementor-element elementor-element-3d9ed167\" data-id=\"3d9ed167\" data-element_type=\"column\" data-settings=\"{&quot;background_background&quot;:&quot;classic&quot;}\">\n\t\t\t<div class=\"elementor-column-wrap elementor-element-populated\">\n\t\t\t\t\t\t\t<div class=\"elementor-widget-wrap\">\n\t\t\t\t\t\t<div class=\"elementor-element elementor-element-3168eadf elementor-widget elementor-widget-image\" data-id=\"3168eadf\" data-element_type=\"widget\" data-widget_type=\"image.default\">\n\t\t\t\t<div class=\"elementor-widget-container\">\n\t\t\t\t\t\t\t\t<div class=\"elementor-image\">\n\t\t\t\t\t\t\t\t\t\t\t\t<img loading=\"lazy\" decoding=\"async\" width=\"929\" height=\"427\" src=\"https:\/\/iefundacion.org\/wp-content\/uploads\/2020\/11\/nelchafo-2.png\" class=\"attachment-full size-full\" alt=\"\" srcset=\"https:\/\/iefundacion.org\/wp-content\/uploads\/2020\/11\/nelchafo-2.png 929w, https:\/\/iefundacion.org\/wp-content\/uploads\/2020\/11\/nelchafo-2-300x138.png 300w, https:\/\/iefundacion.org\/wp-content\/uploads\/2020\/11\/nelchafo-2-768x353.png 768w\" sizes=\"auto, (max-width: 929px) 100vw, 929px\" \/>\t\t\t\t\t\t\t\t\t\t\t\t\t\t<\/div>\n\t\t\t\t\t\t<\/div>\n\t\t\t\t<\/div>\n\t\t\t\t\t\t<\/div>\n\t\t\t\t\t<\/div>\n\t\t<\/div>\n\t\t\t\t\t\t\t\t<\/div>\n\t\t\t\t\t<\/div>\n\t\t<\/section>\n\t\t\t\t\t\t<\/div>\n\t\t\t\t\t\t<\/div>\n\t\t\t\t\t<\/div>\n\t\t","protected":false},"excerpt":{"rendered":"<p>nuestras estrategias Pol\u00edticas de formaci\u00f3n, circulaci\u00f3n, divulgaci\u00f3n, creaci\u00f3n e investigaci\u00f3n de las artes esc\u00e9nicas, pl\u00e1sticas, musicales y audiovisuales. La visibilizaci\u00f3n y el fomento de las relaciones interculturales de los diversos grupos sociales, poblacionales y manifestaciones de las culturas urbanas y rurales. La realizaci\u00f3n de actividades f\u00edsicas, deportivas y recreativas orientadas a la poblaci\u00f3n en su conjunto. La pr\u00e1ctica del deporte como \u00e1mbito propicio para el desarrollo y la inclusi\u00f3n social. La difusi\u00f3n, promoci\u00f3n y protecci\u00f3n de los derechos civiles, econ\u00f3micos, sociales y culturales. La promoci\u00f3n de la protecci\u00f3n de la vida, la interinidad y bienes individuales y colectivos. Formaci\u00f3n de&#8230; <\/p>\n","protected":false},"author":1,"featured_media":0,"parent":0,"menu_order":0,"comment_status":"closed","ping_status":"closed","template":"elementor_header_footer","meta":{"footnotes":""},"class_list":["post-1548","page","type-page","status-publish","hentry"],"_links":{"self":[{"href":"https:\/\/iefundacion.org\/en\/wp-json\/wp\/v2\/pages\/1548","targetHints":{"allow":["GET"]}}],"collection":[{"href":"https:\/\/iefundacion.org\/en\/wp-json\/wp\/v2\/pages"}],"about":[{"href":"https:\/\/iefundacion.org\/en\/wp-json\/wp\/v2\/types\/page"}],"author":[{"embeddable":true,"href":"https:\/\/iefundacion.org\/en\/wp-json\/wp\/v2\/users\/1"}],"replies":[{"embeddable":true,"href":"https:\/\/iefundacion.org\/en\/wp-json\/wp\/v2\/comments?post=1548"}],"version-history":[{"count":22,"href":"https:\/\/iefundacion.org\/en\/wp-json\/wp\/v2\/pages\/1548\/revisions"}],"predecessor-version":[{"id":2136,"href":"https:\/\/iefundacion.org\/en\/wp-json\/wp\/v2\/pages\/1548\/revisions\/2136"}],"wp:attachment":[{"href":"https:\/\/iefundacion.org\/en\/wp-json\/wp\/v2\/media?parent=1548"}],"curies":[{"name":"wp","href":"https:\/\/api.w.org\/{rel}","templated":true}]}}