{"id":1637,"date":"2020-09-28T11:13:10","date_gmt":"2020-09-28T16:13:10","guid":{"rendered":"http:\/\/iefundacion.org\/?page_id=1637"},"modified":"2022-04-13T16:10:19","modified_gmt":"2022-04-13T21:10:19","slug":"dona-ahora","status":"publish","type":"page","link":"https:\/\/iefundacion.org\/en\/dona-ahora\/","title":{"rendered":"\u00a1Dona Ahora!"},"content":{"rendered":"<h2>\u00a1REALIZA TU DONACI\u00d3N!<\/h2>\n<p><a href=\"https:\/\/biz.payulatam.com\/L0b45f30D782253\"><br \/>\n<img decoding=\"async\" width=\"370\" height=\"422\" src=\"https:\/\/iefundacion.org\/wp-content\/uploads\/2018\/07\/cambio-nin\u0303os.jpg\" alt=\"\" loading=\"lazy\" srcset=\"https:\/\/iefundacion.org\/wp-content\/uploads\/2018\/07\/cambio-nin\u0303os.jpg 370w, https:\/\/iefundacion.org\/wp-content\/uploads\/2018\/07\/cambio-nin\u0303os-263x300.jpg 263w\" sizes=\"auto, (max-width: 370px) 100vw, 370px\">\t\t\t\t\t\t\t\t<\/a><\/p>\n<h3>Haz Tu Donaci\u00f3n de $20.000<\/h3>\n<p><a href=\"https:\/\/biz.payulatam.com\/L0b45f3D8533F67\"><br \/>\n<img decoding=\"async\" width=\"370\" height=\"422\" src=\"https:\/\/iefundacion.org\/wp-content\/uploads\/2018\/07\/cambio-nin\u0303os.jpg\" alt=\"\" loading=\"lazy\" srcset=\"https:\/\/iefundacion.org\/wp-content\/uploads\/2018\/07\/cambio-nin\u0303os.jpg 370w, https:\/\/iefundacion.org\/wp-content\/uploads\/2018\/07\/cambio-nin\u0303os-263x300.jpg 263w\" sizes=\"auto, (max-width: 370px) 100vw, 370px\">\t\t\t\t\t\t\t\t<\/a><\/p>\n<h3>Haz Tu Donaci\u00f3n de $50.000<\/h3>\n<p><a href=\"https:\/\/biz.payulatam.com\/L0b45f3EEFD69A8\"><br \/>\n<img decoding=\"async\" width=\"370\" height=\"422\" src=\"https:\/\/iefundacion.org\/wp-content\/uploads\/2018\/07\/cambio-nin\u0303os.jpg\" alt=\"\" loading=\"lazy\" srcset=\"https:\/\/iefundacion.org\/wp-content\/uploads\/2018\/07\/cambio-nin\u0303os.jpg 370w, https:\/\/iefundacion.org\/wp-content\/uploads\/2018\/07\/cambio-nin\u0303os-263x300.jpg 263w\" sizes=\"auto, (max-width: 370px) 100vw, 370px\">\t\t\t\t\t\t\t\t<\/a><\/p>\n<h3>Haz Tu Donaci\u00f3n de $100.000<\/h3>\n<p><a href=\"https:\/\/biz.payulatam.com\/L0b45f3F82913B7\"><br \/>\n<img decoding=\"async\" width=\"370\" height=\"422\" src=\"https:\/\/iefundacion.org\/wp-content\/uploads\/2018\/07\/cambio-nin\u0303os.jpg\" alt=\"\" loading=\"lazy\" srcset=\"https:\/\/iefundacion.org\/wp-content\/uploads\/2018\/07\/cambio-nin\u0303os.jpg 370w, https:\/\/iefundacion.org\/wp-content\/uploads\/2018\/07\/cambio-nin\u0303os-263x300.jpg 263w\" sizes=\"auto, (max-width: 370px) 100vw, 370px\">\t\t\t\t\t\t\t\t<\/a><\/p>\n<h3>Haz Tu Donaci\u00f3n de $150.000<\/h3>\n<p><a href=\"https:\/\/biz.payulatam.com\/L0b45f3A29C396C\"><br \/>\n<img decoding=\"async\" width=\"370\" height=\"422\" src=\"https:\/\/iefundacion.org\/wp-content\/uploads\/2018\/07\/cambio-nin\u0303os.jpg\" alt=\"\" loading=\"lazy\" srcset=\"https:\/\/iefundacion.org\/wp-content\/uploads\/2018\/07\/cambio-nin\u0303os.jpg 370w, https:\/\/iefundacion.org\/wp-content\/uploads\/2018\/07\/cambio-nin\u0303os-263x300.jpg 263w\" sizes=\"auto, (max-width: 370px) 100vw, 370px\">\t\t\t\t\t\t\t\t<\/a><\/p>\n<h3>Haz Tu Donaci\u00f3n de $200.000<\/h3>\n<p><a href=\"https:\/\/biz.payulatam.com\/L0b45f3AE1B0013\"><br \/>\n<img decoding=\"async\" width=\"370\" height=\"422\" src=\"https:\/\/iefundacion.org\/wp-content\/uploads\/2018\/07\/cambio-nin\u0303os.jpg\" alt=\"\" loading=\"lazy\" srcset=\"https:\/\/iefundacion.org\/wp-content\/uploads\/2018\/07\/cambio-nin\u0303os.jpg 370w, https:\/\/iefundacion.org\/wp-content\/uploads\/2018\/07\/cambio-nin\u0303os-263x300.jpg 263w\" sizes=\"auto, (max-width: 370px) 100vw, 370px\">\t\t\t\t\t\t\t\t<\/a><\/p>\n<h3>Haz Tu Donaci\u00f3n de $250.000<\/h3>\n<h3>\u00bfDeseas donar cantidad diferente?<\/h3>\n<p>Por favor llena este formulario y&nbsp; &nbsp;te enviaremos de vuelta a tu correo un link para que realices la transacci\u00f3n. Contamos con una plataforma segura para hacer las donaciones.<\/p>\n","protected":false},"excerpt":{"rendered":"<p>\u00a1REALIZA TU DONACI\u00d3N! Haz Tu Donaci\u00f3n de $20.000 Haz Tu Donaci\u00f3n de $50.000 Haz Tu Donaci\u00f3n de $100.000 Haz Tu Donaci\u00f3n de $150.000 Haz Tu Donaci\u00f3n de $200.000 Haz Tu Donaci\u00f3n de $250.000 \u00bfDeseas donar cantidad diferente? Por favor llena este formulario y&nbsp; &nbsp;te enviaremos de vuelta a tu correo un link para que realices la transacci\u00f3n. Contamos con una plataforma segura para hacer las donaciones.<\/p>\n","protected":false},"author":1,"featured_media":0,"parent":0,"menu_order":0,"comment_status":"closed","ping_status":"closed","template":"elementor_header_footer","meta":{"footnotes":""},"class_list":["post-1637","page","type-page","status-publish","hentry"],"_links":{"self":[{"href":"https:\/\/iefundacion.org\/en\/wp-json\/wp\/v2\/pages\/1637","targetHints":{"allow":["GET"]}}],"collection":[{"href":"https:\/\/iefundacion.org\/en\/wp-json\/wp\/v2\/pages"}],"about":[{"href":"https:\/\/iefundacion.org\/en\/wp-json\/wp\/v2\/types\/page"}],"author":[{"embeddable":true,"href":"https:\/\/iefundacion.org\/en\/wp-json\/wp\/v2\/users\/1"}],"replies":[{"embeddable":true,"href":"https:\/\/iefundacion.org\/en\/wp-json\/wp\/v2\/comments?post=1637"}],"version-history":[{"count":20,"href":"https:\/\/iefundacion.org\/en\/wp-json\/wp\/v2\/pages\/1637\/revisions"}],"predecessor-version":[{"id":2225,"href":"https:\/\/iefundacion.org\/en\/wp-json\/wp\/v2\/pages\/1637\/revisions\/2225"}],"wp:attachment":[{"href":"https:\/\/iefundacion.org\/en\/wp-json\/wp\/v2\/media?parent=1637"}],"curies":[{"name":"wp","href":"https:\/\/api.w.org\/{rel}","templated":true}]}}