{"id":1696,"date":"2020-10-06T11:29:25","date_gmt":"2020-10-06T16:29:25","guid":{"rendered":"http:\/\/iefundacion.org\/?page_id=1696"},"modified":"2021-10-02T22:12:27","modified_gmt":"2021-10-03T03:12:27","slug":"cdi","status":"publish","type":"page","link":"https:\/\/iefundacion.org\/en\/cdi\/","title":{"rendered":"CDI"},"content":{"rendered":"\t\t<div data-elementor-type=\"wp-post\" data-elementor-id=\"1696\" class=\"elementor elementor-1696\" data-elementor-settings=\"[]\">\n\t\t\t\t\t\t<div class=\"elementor-inner\">\n\t\t\t\t\t\t\t<div class=\"elementor-section-wrap\">\n\t\t\t\t\t\t\t<section class=\"elementor-section elementor-top-section elementor-element elementor-element-6ebaa3e0 elementor-section-height-full elementor-section-boxed elementor-section-height-default elementor-section-items-middle\" data-id=\"6ebaa3e0\" data-element_type=\"section\" data-settings=\"{&quot;background_background&quot;:&quot;classic&quot;}\">\n\t\t\t\t\t\t<div class=\"elementor-container elementor-column-gap-default\">\n\t\t\t\t\t\t\t<div class=\"elementor-row\">\n\t\t\t\t\t<div class=\"elementor-column elementor-col-100 elementor-top-column elementor-element elementor-element-2d583be8\" data-id=\"2d583be8\" data-element_type=\"column\">\n\t\t\t<div class=\"elementor-column-wrap\">\n\t\t\t\t\t\t\t<div class=\"elementor-widget-wrap\">\n\t\t\t\t\t\t\t\t<\/div>\n\t\t\t\t\t<\/div>\n\t\t<\/div>\n\t\t\t\t\t\t\t\t<\/div>\n\t\t\t\t\t<\/div>\n\t\t<\/section>\n\t\t\t\t<section class=\"elementor-section elementor-top-section elementor-element elementor-element-867653d elementor-section-boxed elementor-section-height-default elementor-section-height-default\" data-id=\"867653d\" data-element_type=\"section\">\n\t\t\t\t\t\t<div class=\"elementor-container elementor-column-gap-default\">\n\t\t\t\t\t\t\t<div class=\"elementor-row\">\n\t\t\t\t\t<div class=\"elementor-column elementor-col-100 elementor-top-column elementor-element elementor-element-261f4acc\" data-id=\"261f4acc\" data-element_type=\"column\">\n\t\t\t<div class=\"elementor-column-wrap elementor-element-populated\">\n\t\t\t\t\t\t\t<div class=\"elementor-widget-wrap\">\n\t\t\t\t\t\t<div class=\"elementor-element elementor-element-2bbbd36 elementor-widget elementor-widget-spacer\" data-id=\"2bbbd36\" data-element_type=\"widget\" data-widget_type=\"spacer.default\">\n\t\t\t\t<div class=\"elementor-widget-container\">\n\t\t\t\t\t<div class=\"elementor-spacer\">\n\t\t\t<div class=\"elementor-spacer-inner\"><\/div>\n\t\t<\/div>\n\t\t\t\t<\/div>\n\t\t\t\t<\/div>\n\t\t\t\t<div class=\"elementor-element elementor-element-422f864a elementor-aspect-ratio-219 elementor-widget elementor-widget-video\" data-id=\"422f864a\" data-element_type=\"widget\" data-settings=\"{&quot;autoplay&quot;:&quot;no&quot;,&quot;youtube_url&quot;:&quot;https:\\\/\\\/youtu.be\\\/I_zQPUIVxOo&quot;,&quot;aspect_ratio&quot;:&quot;219&quot;,&quot;video_type&quot;:&quot;youtube&quot;,&quot;controls&quot;:&quot;yes&quot;}\" data-widget_type=\"video.default\">\n\t\t\t\t<div class=\"elementor-widget-container\">\n\t\t\t\t\t<div class=\"elementor-wrapper elementor-fit-aspect-ratio elementor-open-inline\">\n\t\t\t<div class=\"elementor-video\"><\/div>\t\t<\/div>\n\t\t\t\t<\/div>\n\t\t\t\t<\/div>\n\t\t\t\t<section class=\"elementor-section elementor-inner-section elementor-element elementor-element-724d285b elementor-section-full_width elementor-section-height-default elementor-section-height-default\" data-id=\"724d285b\" data-element_type=\"section\">\n\t\t\t\t\t\t<div class=\"elementor-container elementor-column-gap-default\">\n\t\t\t\t\t\t\t<div class=\"elementor-row\">\n\t\t\t\t\t<div class=\"elementor-column elementor-col-100 elementor-inner-column elementor-element elementor-element-5b81915\" data-id=\"5b81915\" data-element_type=\"column\">\n\t\t\t<div class=\"elementor-column-wrap elementor-element-populated\">\n\t\t\t\t\t\t\t<div class=\"elementor-widget-wrap\">\n\t\t\t\t\t\t<div class=\"elementor-element elementor-element-5136ffcb elementor-widget elementor-widget-heading\" data-id=\"5136ffcb\" data-element_type=\"widget\" data-widget_type=\"heading.default\">\n\t\t\t\t<div class=\"elementor-widget-container\">\n\t\t\t<h3 class=\"elementor-heading-title elementor-size-medium\">Introducci\u00f3n<\/h3>\t\t<\/div>\n\t\t\t\t<\/div>\n\t\t\t\t<div class=\"elementor-element elementor-element-24dbc84f elementor-widget elementor-widget-text-editor\" data-id=\"24dbc84f\" data-element_type=\"widget\" data-widget_type=\"text-editor.default\">\n\t\t\t\t<div class=\"elementor-widget-container\">\n\t\t\t\t\t\t\t\t<div class=\"elementor-text-editor elementor-clearfix\">\n\t\t\t\t<p>El Centro de Desarrollo Integral del Tolima, es un proyecto gestionado en alianza con: ie\u00ae fundaci\u00f3n . Es una iniciativa de car\u00e1cter social donde prima la\u00a0INCLUSI\u00d3N. Se construir\u00e1 una sede donde se articulen acciones y esfuerzos para brindar bienestar y desarrollo integral a dos poblaciones vulnerables\u00a0del Departamento del Tolima:\u00a0<i>ni\u00f1ez afectada por la marginalidad, la exclusi\u00f3n y la violencia; y personas con disCAPACIDAD.\u00a0<\/i>\u00a0<\/p><p>Teniendo en cuenta que en el Tolima no existe un lugar adecuado para acoger y ofrecer igualdad de oportunidades a estos seres humanos, unimos esfuerzos con prop\u00f3sitos conjuntos enfocados a la atenci\u00f3n y acompa\u00f1amiento de sus m\u00faltiples necesidades en salud, recreaci\u00f3n, apoyo pedag\u00f3gico, un empleo digno y participaci\u00f3n en eventos culturales, entre otros.<\/p><p>Este proyecto, ha encontrado importantes aliados del Sector empresarial privado y algunos entes estatales, pues se quiere fortalecer capacidades y competencias con la oferta de Programas y Servicios incluyentes, con el recurso humano id\u00f3neo dispuesto para tal fin, creando un impacto social en la comunidad.<\/p>\t\t\t\t\t<\/div>\n\t\t\t\t\t\t<\/div>\n\t\t\t\t<\/div>\n\t\t\t\t\t\t<\/div>\n\t\t\t\t\t<\/div>\n\t\t<\/div>\n\t\t\t\t\t\t\t\t<\/div>\n\t\t\t\t\t<\/div>\n\t\t<\/section>\n\t\t\t\t<section class=\"elementor-section elementor-inner-section elementor-element elementor-element-c78f8b1 elementor-section-boxed elementor-section-height-default elementor-section-height-default\" data-id=\"c78f8b1\" data-element_type=\"section\">\n\t\t\t\t\t\t<div class=\"elementor-container elementor-column-gap-wide\">\n\t\t\t\t\t\t\t<div class=\"elementor-row\">\n\t\t\t\t\t<div class=\"elementor-column elementor-col-100 elementor-inner-column elementor-element elementor-element-ea86033\" data-id=\"ea86033\" data-element_type=\"column\">\n\t\t\t<div class=\"elementor-column-wrap elementor-element-populated\">\n\t\t\t\t\t\t\t<div class=\"elementor-widget-wrap\">\n\t\t\t\t\t\t<div class=\"elementor-element elementor-element-b895d7e elementor-widget elementor-widget-heading\" data-id=\"b895d7e\" data-element_type=\"widget\" data-widget_type=\"heading.default\">\n\t\t\t\t<div class=\"elementor-widget-container\">\n\t\t\t<h3 class=\"elementor-heading-title elementor-size-medium\">Objetivo General<\/h3>\t\t<\/div>\n\t\t\t\t<\/div>\n\t\t\t\t<div class=\"elementor-element elementor-element-f7b3134 elementor-widget elementor-widget-text-editor\" data-id=\"f7b3134\" data-element_type=\"widget\" data-widget_type=\"text-editor.default\">\n\t\t\t\t<div class=\"elementor-widget-container\">\n\t\t\t\t\t\t\t\t<div class=\"elementor-text-editor elementor-clearfix\">\n\t\t\t\t<p>Crear una sede donde se ofrezca programas y servicios a ni\u00f1os y ni\u00f1as en situaci\u00f3n de vulnerabilidad, a personas con discapacidad o capacidades diversas, que genere y fortalezca el capital social y productivo promoviendo la autogesti\u00f3n y la solidaridad, implementando el trabajo en red para responder a la demanda de la ciudad de Ibagu\u00e9 y del Departamento.<\/p>\t\t\t\t\t<\/div>\n\t\t\t\t\t\t<\/div>\n\t\t\t\t<\/div>\n\t\t\t\t\t\t<\/div>\n\t\t\t\t\t<\/div>\n\t\t<\/div>\n\t\t\t\t\t\t\t\t<\/div>\n\t\t\t\t\t<\/div>\n\t\t<\/section>\n\t\t\t\t<section class=\"elementor-section elementor-inner-section elementor-element elementor-element-ab8dc17 elementor-section-boxed elementor-section-height-default elementor-section-height-default\" data-id=\"ab8dc17\" data-element_type=\"section\">\n\t\t\t\t\t\t<div class=\"elementor-container elementor-column-gap-wide\">\n\t\t\t\t\t\t\t<div class=\"elementor-row\">\n\t\t\t\t\t<div class=\"elementor-column elementor-col-100 elementor-inner-column elementor-element elementor-element-c65b21e\" data-id=\"c65b21e\" data-element_type=\"column\">\n\t\t\t<div class=\"elementor-column-wrap elementor-element-populated\">\n\t\t\t\t\t\t\t<div class=\"elementor-widget-wrap\">\n\t\t\t\t\t\t<div class=\"elementor-element elementor-element-009fd56 elementor-widget elementor-widget-heading\" data-id=\"009fd56\" data-element_type=\"widget\" data-widget_type=\"heading.default\">\n\t\t\t\t<div class=\"elementor-widget-container\">\n\t\t\t<h3 class=\"elementor-heading-title elementor-size-medium\">Objetivos Espec\u00edficos<\/h3>\t\t<\/div>\n\t\t\t\t<\/div>\n\t\t\t\t<div class=\"elementor-element elementor-element-a6a06ec elementor-widget elementor-widget-text-editor\" data-id=\"a6a06ec\" data-element_type=\"widget\" data-widget_type=\"text-editor.default\">\n\t\t\t\t<div class=\"elementor-widget-container\">\n\t\t\t\t\t\t\t\t<div class=\"elementor-text-editor elementor-clearfix\">\n\t\t\t\t<ul><li><p>Favorecer el desarrollo integral de la poblaci\u00f3n del Tolima: ni\u00f1os, ni\u00f1as y su n\u00facleo familiar directo en situaci\u00f3n de vulnerabilidad, afectados por la marginalidad, la exclusi\u00f3n y la violencia. As\u00ed mismo, a personas \u00a0con disCAPACIDAD y sus cuidadores, a trav\u00e9s de servicios preventivos y de atenci\u00f3n primaria en refuerzo escolar, actividades culturales, de recreaci\u00f3n y deporte, formaci\u00f3n para el empleo fomentando proyectos productivos.<\/p><\/li><li><p>Impulsar la construcci\u00f3n del Centro de Desarrollo Integral del Tolima \u2013\u00a0cdit\u00a0\u2013 con el conocimiento y el ejercicio de los derechos ciudadanos, que son base para una vida social.<\/p><\/li><li><p>Brindar atenci\u00f3n integral a la comunidad, en espacios adaptados para el apoyo terap\u00e9utico, en estaciones bio- saludables y a trav\u00e9s de campa\u00f1as de promoci\u00f3n y prevenci\u00f3n que propician su buen vivir.<\/p><\/li><li><p>Fomentar la inclusi\u00f3n y el sentido de equidad en la sociedad tolimense, visibilizando las dos poblaciones objetivo, potencializando sus talentos y capacidades.<\/p><\/li><\/ul>\t\t\t\t\t<\/div>\n\t\t\t\t\t\t<\/div>\n\t\t\t\t<\/div>\n\t\t\t\t\t\t<\/div>\n\t\t\t\t\t<\/div>\n\t\t<\/div>\n\t\t\t\t\t\t\t\t<\/div>\n\t\t\t\t\t<\/div>\n\t\t<\/section>\n\t\t\t\t<section class=\"elementor-section elementor-inner-section elementor-element elementor-element-285b700 elementor-section-boxed elementor-section-height-default elementor-section-height-default\" data-id=\"285b700\" data-element_type=\"section\">\n\t\t\t\t\t\t<div class=\"elementor-container elementor-column-gap-wide\">\n\t\t\t\t\t\t\t<div class=\"elementor-row\">\n\t\t\t\t\t<div class=\"elementor-column elementor-col-100 elementor-inner-column elementor-element elementor-element-5d1beb0\" data-id=\"5d1beb0\" data-element_type=\"column\">\n\t\t\t<div class=\"elementor-column-wrap elementor-element-populated\">\n\t\t\t\t\t\t\t<div class=\"elementor-widget-wrap\">\n\t\t\t\t\t\t<div class=\"elementor-element elementor-element-34a7ee8 elementor-widget elementor-widget-heading\" data-id=\"34a7ee8\" data-element_type=\"widget\" data-widget_type=\"heading.default\">\n\t\t\t\t<div class=\"elementor-widget-container\">\n\t\t\t<h3 class=\"elementor-heading-title elementor-size-medium\">Poblaci\u00f3n Objetivo<\/h3>\t\t<\/div>\n\t\t\t\t<\/div>\n\t\t\t\t<div class=\"elementor-element elementor-element-831251d elementor-widget elementor-widget-text-editor\" data-id=\"831251d\" data-element_type=\"widget\" data-widget_type=\"text-editor.default\">\n\t\t\t\t<div class=\"elementor-widget-container\">\n\t\t\t\t\t\t\t\t<div class=\"elementor-text-editor elementor-clearfix\">\n\t\t\t\t<p>Este proyecto va dirigido a ni\u00f1ez en situaci\u00f3n de vulnerabilidad, ni\u00f1os, j\u00f3venes y adultos con discapacidad, familiares y cuidadores de las \u00e1reas m\u00e1s sensibles de la ciudad de Ibagu\u00e9 y municipios aleda\u00f1os.<\/p>\t\t\t\t\t<\/div>\n\t\t\t\t\t\t<\/div>\n\t\t\t\t<\/div>\n\t\t\t\t\t\t<\/div>\n\t\t\t\t\t<\/div>\n\t\t<\/div>\n\t\t\t\t\t\t\t\t<\/div>\n\t\t\t\t\t<\/div>\n\t\t<\/section>\n\t\t\t\t<section class=\"elementor-section elementor-inner-section elementor-element elementor-element-3bdf6c8 elementor-section-boxed elementor-section-height-default elementor-section-height-default\" data-id=\"3bdf6c8\" data-element_type=\"section\">\n\t\t\t\t\t\t<div class=\"elementor-container elementor-column-gap-wide\">\n\t\t\t\t\t\t\t<div class=\"elementor-row\">\n\t\t\t\t\t<div class=\"elementor-column elementor-col-100 elementor-inner-column elementor-element elementor-element-b10c4bf\" data-id=\"b10c4bf\" data-element_type=\"column\">\n\t\t\t<div class=\"elementor-column-wrap elementor-element-populated\">\n\t\t\t\t\t\t\t<div class=\"elementor-widget-wrap\">\n\t\t\t\t\t\t<div class=\"elementor-element elementor-element-2f4c456 elementor-widget elementor-widget-heading\" data-id=\"2f4c456\" data-element_type=\"widget\" data-widget_type=\"heading.default\">\n\t\t\t\t<div class=\"elementor-widget-container\">\n\t\t\t<h3 class=\"elementor-heading-title elementor-size-medium\">Autosostenibilidad del proyecto<\/h3>\t\t<\/div>\n\t\t\t\t<\/div>\n\t\t\t\t<div class=\"elementor-element elementor-element-8109b83 elementor-widget elementor-widget-text-editor\" data-id=\"8109b83\" data-element_type=\"widget\" data-widget_type=\"text-editor.default\">\n\t\t\t\t<div class=\"elementor-widget-container\">\n\t\t\t\t\t\t\t\t<div class=\"elementor-text-editor elementor-clearfix\">\n\t\t\t\t<p>Se tiene proyectada su auto sostenibilidad a trav\u00e9s de las siguientes fuentes de ingresos:<\/p><p class=\"su-column su-column-size-1-2\">Unidad productiva<\/p><p>Esta unidad se proyecta con \u00a0el fin de entregar un producto manufacturado, con los m\u00e1s altos est\u00e1ndares de calidad, manteniendo un estricto control de los procedimientos. Los procesos cuentan con tecnolog\u00eda suficiente para que cada producto sea entregado con una excelente calidad y marca social propia.<\/p><p>La motivaci\u00f3n que lleva a los promotores de este proyecto a crear una unidad productiva dentro del centro de desarrollo integral del Tolima,\u00a0cdit,\u00a0es la sostenibilidad del mismo, lo cual hace m\u00e1s significativo el producto que se entrega logrando as\u00ed hacer que las personas que participan de este proyecto logren tener una inclusi\u00f3n laboral con ingresos econ\u00f3micos que sirvan de apoyo al n\u00facleo familiar para la poblaci\u00f3n objetivo.<\/p>\t\t\t\t\t<\/div>\n\t\t\t\t\t\t<\/div>\n\t\t\t\t<\/div>\n\t\t\t\t\t\t<\/div>\n\t\t\t\t\t<\/div>\n\t\t<\/div>\n\t\t\t\t\t\t\t\t<\/div>\n\t\t\t\t\t<\/div>\n\t\t<\/section>\n\t\t\t\t<section class=\"elementor-section elementor-inner-section elementor-element elementor-element-2debcfc elementor-section-boxed elementor-section-height-default elementor-section-height-default\" data-id=\"2debcfc\" data-element_type=\"section\">\n\t\t\t\t\t\t<div class=\"elementor-container elementor-column-gap-wide\">\n\t\t\t\t\t\t\t<div class=\"elementor-row\">\n\t\t\t\t\t<div class=\"elementor-column elementor-col-100 elementor-inner-column elementor-element elementor-element-60d9ea2\" data-id=\"60d9ea2\" data-element_type=\"column\">\n\t\t\t<div class=\"elementor-column-wrap elementor-element-populated\">\n\t\t\t\t\t\t\t<div class=\"elementor-widget-wrap\">\n\t\t\t\t\t\t<div class=\"elementor-element elementor-element-def8d26 elementor-widget elementor-widget-heading\" data-id=\"def8d26\" data-element_type=\"widget\" data-widget_type=\"heading.default\">\n\t\t\t\t<div class=\"elementor-widget-container\">\n\t\t\t<h3 class=\"elementor-heading-title elementor-size-medium\">Auditorio<\/h3>\t\t<\/div>\n\t\t\t\t<\/div>\n\t\t\t\t<div class=\"elementor-element elementor-element-57b17bd elementor-widget elementor-widget-text-editor\" data-id=\"57b17bd\" data-element_type=\"widget\" data-widget_type=\"text-editor.default\">\n\t\t\t\t<div class=\"elementor-widget-container\">\n\t\t\t\t\t\t\t\t<div class=\"elementor-text-editor elementor-clearfix\">\n\t\t\t\t<p>Al momento de crear este proyecto se evidencio la necesidad de un espacio para poder realizar eventos de tipo masivo con la comunidad; es as\u00ed que se tiene la creaci\u00f3n \u00a0de un auditorio con unas caracter\u00edsticas especiales para poder hacer uso de \u00e9l al m\u00e1ximo.<\/p><p>Dentro de las estrategias proyectadas se tiene el alquiler para eventos, no solo brindar\u00e1 recursos para su sostenimiento, sino que, mediante campa\u00f1as de sensibilizaci\u00f3n se pretende lograr un desarrollo sociocultural de los asistentes \u00a0y visitantes, que fomentar\u00e1 un sentido de pertenencia para el cuidado y conservaci\u00f3n del inmueble, adem\u00e1s de la amistad e inclusi\u00f3n en el proyecto.<\/p><p>Esta infraestructura cuenta con un primer piso, el cual tiene una capacidad para 250 personas que se puede dividir en 2 m\u00f3dulos para tener eventos simult\u00e1neos. \u00a0En un segundo Nivel se generan encuentros VIP con capacidad para m\u00e1ximo 60 personas, tambi\u00e9n tiene un espacio para exposici\u00f3n de obras de arte, pintura y dem\u00e1s aportes art\u00edsticos que tenga la fundaci\u00f3n, brindando un espacio diferente durante la estad\u00eda de los asistentes, en el auditorio.<\/p><p>Con esto esperamos lograr un gran crecimiento, tanto social, como cultural, en materia de infraestructura y en el \u00e1mbito econ\u00f3mico.<\/p>\t\t\t\t\t<\/div>\n\t\t\t\t\t\t<\/div>\n\t\t\t\t<\/div>\n\t\t\t\t\t\t<\/div>\n\t\t\t\t\t<\/div>\n\t\t<\/div>\n\t\t\t\t\t\t\t\t<\/div>\n\t\t\t\t\t<\/div>\n\t\t<\/section>\n\t\t\t\t<section class=\"elementor-section elementor-inner-section elementor-element elementor-element-869c5ab elementor-section-boxed elementor-section-height-default elementor-section-height-default\" data-id=\"869c5ab\" data-element_type=\"section\">\n\t\t\t\t\t\t<div class=\"elementor-container elementor-column-gap-wide\">\n\t\t\t\t\t\t\t<div class=\"elementor-row\">\n\t\t\t\t\t<div class=\"elementor-column elementor-col-100 elementor-inner-column elementor-element elementor-element-f0f81b1\" data-id=\"f0f81b1\" data-element_type=\"column\">\n\t\t\t<div class=\"elementor-column-wrap elementor-element-populated\">\n\t\t\t\t\t\t\t<div class=\"elementor-widget-wrap\">\n\t\t\t\t\t\t<div class=\"elementor-element elementor-element-824665e elementor-widget elementor-widget-heading\" data-id=\"824665e\" data-element_type=\"widget\" data-widget_type=\"heading.default\">\n\t\t\t\t<div class=\"elementor-widget-container\">\n\t\t\t<h3 class=\"elementor-heading-title elementor-size-medium\">Descripci\u00f3n del Proyecto<\/h3>\t\t<\/div>\n\t\t\t\t<\/div>\n\t\t\t\t<div class=\"elementor-element elementor-element-9c7ad7d elementor-widget elementor-widget-text-editor\" data-id=\"9c7ad7d\" data-element_type=\"widget\" data-widget_type=\"text-editor.default\">\n\t\t\t\t<div class=\"elementor-widget-container\">\n\t\t\t\t\t\t\t\t<div class=\"elementor-text-editor elementor-clearfix\">\n\t\t\t\t<p><strong>Unidad de salud, recreaci\u00f3n y deporte adaptado\u00a0<\/strong><\/p><p>Crear una Unidad de Salud, Recreaci\u00f3n y Deporte Adaptado, para ayudar a prevenir casos de enfermedad que deriven en una incapacidad f\u00edsica o discapacidad. En el Centro de Desarrollo Integral- Tolima\u00a0\u201ccdit\u201d\u00a0se ofrecer\u00e1n programas para una\u00a0\u00f3ptima calidad de vida y el disfrute del tiempo de ocio en un entorno saludable, propiciando un espacio incluyente de apoyo terap\u00e9utico para mejorar la salud f\u00edsica\u00a0y emocional, la realizaci\u00f3n de campa\u00f1as de prevenci\u00f3n y as\u00ed evitar que aumenten las estad\u00edsticas de la poblaci\u00f3n vulnerable (discapacidad y ni\u00f1ez en pobreza).<\/p>\t\t\t\t\t<\/div>\n\t\t\t\t\t\t<\/div>\n\t\t\t\t<\/div>\n\t\t\t\t\t\t<\/div>\n\t\t\t\t\t<\/div>\n\t\t<\/div>\n\t\t\t\t\t\t\t\t<\/div>\n\t\t\t\t\t<\/div>\n\t\t<\/section>\n\t\t\t\t<section class=\"elementor-section elementor-inner-section elementor-element elementor-element-34a1a6a elementor-section-boxed elementor-section-height-default elementor-section-height-default\" data-id=\"34a1a6a\" data-element_type=\"section\">\n\t\t\t\t\t\t<div class=\"elementor-container elementor-column-gap-wide\">\n\t\t\t\t\t\t\t<div class=\"elementor-row\">\n\t\t\t\t\t<div class=\"elementor-column elementor-col-100 elementor-inner-column elementor-element elementor-element-2fb3b70\" data-id=\"2fb3b70\" data-element_type=\"column\">\n\t\t\t<div class=\"elementor-column-wrap elementor-element-populated\">\n\t\t\t\t\t\t\t<div class=\"elementor-widget-wrap\">\n\t\t\t\t\t\t<div class=\"elementor-element elementor-element-8db5edd elementor-widget elementor-widget-heading\" data-id=\"8db5edd\" data-element_type=\"widget\" data-widget_type=\"heading.default\">\n\t\t\t\t<div class=\"elementor-widget-container\">\n\t\t\t<h3 class=\"elementor-heading-title elementor-size-medium\">Artes y refuerzo acad\u00e9mico<\/h3>\t\t<\/div>\n\t\t\t\t<\/div>\n\t\t\t\t<div class=\"elementor-element elementor-element-952dc33 elementor-widget elementor-widget-text-editor\" data-id=\"952dc33\" data-element_type=\"widget\" data-widget_type=\"text-editor.default\">\n\t\t\t\t<div class=\"elementor-widget-container\">\n\t\t\t\t\t\t\t\t<div class=\"elementor-text-editor elementor-clearfix\">\n\t\t\t\t<p>Creaci\u00f3n de una Unidad de Fortalecimiento de la experiencia de aprendizaje atendiendo necesidades educativas especiales a trav\u00e9s de programas de apoyo pedag\u00f3gico con la dotaci\u00f3n de materiales y herramientas adaptadas y con instalaciones adecuadas \u00a0con el fin de potencializar la capacidad creativa y el aprendizaje en artes, cultura, m\u00fasica, y actividades para la formaci\u00f3n laboral a trav\u00e9s de la integraci\u00f3n socio cultural, que beneficie a ni\u00f1os en situaci\u00f3n de vulnerabilidad y personas con discapacidad.\u00a0\u00a0\u00a0\u00a0<\/p>\t\t\t\t\t<\/div>\n\t\t\t\t\t\t<\/div>\n\t\t\t\t<\/div>\n\t\t\t\t\t\t<\/div>\n\t\t\t\t\t<\/div>\n\t\t<\/div>\n\t\t\t\t\t\t\t\t<\/div>\n\t\t\t\t\t<\/div>\n\t\t<\/section>\n\t\t\t\t\t\t<\/div>\n\t\t\t\t\t<\/div>\n\t\t<\/div>\n\t\t\t\t\t\t\t\t<\/div>\n\t\t\t\t\t<\/div>\n\t\t<\/section>\n\t\t\t\t<section class=\"elementor-section elementor-top-section elementor-element elementor-element-59c97e83 elementor-section-boxed elementor-section-height-default elementor-section-height-default\" data-id=\"59c97e83\" data-element_type=\"section\" data-settings=\"{&quot;background_background&quot;:&quot;classic&quot;}\">\n\t\t\t\t\t\t<div class=\"elementor-container elementor-column-gap-default\">\n\t\t\t\t\t\t\t<div class=\"elementor-row\">\n\t\t\t\t\t<div class=\"elementor-column elementor-col-100 elementor-top-column elementor-element elementor-element-d6f9a00\" data-id=\"d6f9a00\" data-element_type=\"column\">\n\t\t\t<div class=\"elementor-column-wrap elementor-element-populated\">\n\t\t\t\t\t\t\t<div class=\"elementor-widget-wrap\">\n\t\t\t\t\t\t<div class=\"elementor-element elementor-element-1b40cdd8 elementor-pagination-position-outside elementor-widget elementor-widget-image-carousel\" data-id=\"1b40cdd8\" data-element_type=\"widget\" data-settings=\"{&quot;slides_to_show&quot;:&quot;5&quot;,&quot;slides_to_scroll&quot;:&quot;2&quot;,&quot;navigation&quot;:&quot;dots&quot;,&quot;image_spacing_custom&quot;:{&quot;unit&quot;:&quot;px&quot;,&quot;size&quot;:&quot;70&quot;,&quot;sizes&quot;:[]},&quot;autoplay&quot;:&quot;yes&quot;,&quot;pause_on_hover&quot;:&quot;yes&quot;,&quot;pause_on_interaction&quot;:&quot;yes&quot;,&quot;autoplay_speed&quot;:5000,&quot;infinite&quot;:&quot;yes&quot;,&quot;speed&quot;:500}\" data-widget_type=\"image-carousel.default\">\n\t\t\t\t<div class=\"elementor-widget-container\">\n\t\t\t\t\t<div class=\"elementor-image-carousel-wrapper swiper-container\" dir=\"ltr\">\n\t\t\t<div class=\"elementor-image-carousel swiper-wrapper\">\n\t\t\t\t\t\t\t\t<div class=\"swiper-slide\"><figure class=\"swiper-slide-inner\"><img decoding=\"async\" class=\"swiper-slide-image\" src=\"https:\/\/iefundacion.org\/wp-content\/uploads\/2017\/06\/LOGO-FUNDACION-slogan.png\" alt=\"LOGO-FUNDACION-slogan\" \/><\/figure><\/div>\t\t\t<\/div>\n\t\t\t\t\t<\/div>\n\t\t\t\t<\/div>\n\t\t\t\t<\/div>\n\t\t\t\t\t\t<\/div>\n\t\t\t\t\t<\/div>\n\t\t<\/div>\n\t\t\t\t\t\t\t\t<\/div>\n\t\t\t\t\t<\/div>\n\t\t<\/section>\n\t\t\t\t\t\t<\/div>\n\t\t\t\t\t\t<\/div>\n\t\t\t\t\t<\/div>\n\t\t","protected":false},"excerpt":{"rendered":"<p>Introducci\u00f3n El Centro de Desarrollo Integral del Tolima, es un proyecto gestionado en alianza con: ie\u00ae fundaci\u00f3n . Es una iniciativa de car\u00e1cter social donde prima la\u00a0INCLUSI\u00d3N. Se construir\u00e1 una sede donde se articulen acciones y esfuerzos para brindar bienestar y desarrollo integral a dos poblaciones vulnerables\u00a0del Departamento del Tolima:\u00a0ni\u00f1ez afectada por la marginalidad, la exclusi\u00f3n y la violencia; y personas con disCAPACIDAD.\u00a0\u00a0 Teniendo en cuenta que en el Tolima no existe un lugar adecuado para acoger y ofrecer igualdad de oportunidades a estos seres humanos, unimos esfuerzos con prop\u00f3sitos conjuntos enfocados a la atenci\u00f3n y acompa\u00f1amiento de sus m\u00faltiples&#8230; <\/p>\n","protected":false},"author":1,"featured_media":0,"parent":0,"menu_order":0,"comment_status":"closed","ping_status":"closed","template":"elementor_header_footer","meta":{"footnotes":""},"class_list":["post-1696","page","type-page","status-publish","hentry"],"_links":{"self":[{"href":"https:\/\/iefundacion.org\/en\/wp-json\/wp\/v2\/pages\/1696","targetHints":{"allow":["GET"]}}],"collection":[{"href":"https:\/\/iefundacion.org\/en\/wp-json\/wp\/v2\/pages"}],"about":[{"href":"https:\/\/iefundacion.org\/en\/wp-json\/wp\/v2\/types\/page"}],"author":[{"embeddable":true,"href":"https:\/\/iefundacion.org\/en\/wp-json\/wp\/v2\/users\/1"}],"replies":[{"embeddable":true,"href":"https:\/\/iefundacion.org\/en\/wp-json\/wp\/v2\/comments?post=1696"}],"version-history":[{"count":46,"href":"https:\/\/iefundacion.org\/en\/wp-json\/wp\/v2\/pages\/1696\/revisions"}],"predecessor-version":[{"id":2147,"href":"https:\/\/iefundacion.org\/en\/wp-json\/wp\/v2\/pages\/1696\/revisions\/2147"}],"wp:attachment":[{"href":"https:\/\/iefundacion.org\/en\/wp-json\/wp\/v2\/media?parent=1696"}],"curies":[{"name":"wp","href":"https:\/\/api.w.org\/{rel}","templated":true}]}}