{"id":707,"date":"2018-07-24T14:56:27","date_gmt":"2018-07-24T19:56:27","guid":{"rendered":"http:\/\/iefundacion.org\/?page_id=707"},"modified":"2019-03-27T09:09:38","modified_gmt":"2019-03-27T14:09:38","slug":"para-que-donar","status":"publish","type":"page","link":"https:\/\/iefundacion.org\/en\/para-que-donar\/","title":{"rendered":"\u00bfPara qu\u00e9 donar?"},"content":{"rendered":"<h2><span style=\"color: #000000;\">Con tu donaci\u00f3n podremos ayudar a ni\u00f1os, ni\u00f1as, personas en condici\u00f3n de discapacidad y su n\u00facleo familiar directo, que est\u00e1n en situaci\u00f3n de vulnerabilidad, afectados por la marginalidad, la exclusi\u00f3n y la violencia.<\/span><\/p>\n<p><img loading=\"lazy\" decoding=\"async\" class=\"size-full wp-image-708\" src=\"http:\/\/iefundacion.org\/wp-content\/uploads\/2018\/07\/SAM_3836.jpg\" alt=\"\" width=\"1024\" height=\"768\" srcset=\"https:\/\/iefundacion.org\/wp-content\/uploads\/2018\/07\/SAM_3836.jpg 1024w, https:\/\/iefundacion.org\/wp-content\/uploads\/2018\/07\/SAM_3836-300x225.jpg 300w, https:\/\/iefundacion.org\/wp-content\/uploads\/2018\/07\/SAM_3836-768x576.jpg 768w\" sizes=\"auto, (max-width: 1024px) 100vw, 1024px\" \/><\/p>\n<p><span style=\"color: #000000;\">Los ayudaremos con\u00a0 proyectos auto sostenibles para generar bienestar que generen empleo y recursos para un futuro m\u00e1s prometedor.<\/span><\/p>\n<p><span style=\"color: #000000;\">Gracias<\/span><\/p>\n<p><img loading=\"lazy\" decoding=\"async\" class=\"size-full wp-image-709\" src=\"http:\/\/iefundacion.org\/wp-content\/uploads\/2018\/07\/SAM_3841.jpg\" alt=\"\" width=\"1024\" height=\"768\" srcset=\"https:\/\/iefundacion.org\/wp-content\/uploads\/2018\/07\/SAM_3841.jpg 1024w, https:\/\/iefundacion.org\/wp-content\/uploads\/2018\/07\/SAM_3841-300x225.jpg 300w, https:\/\/iefundacion.org\/wp-content\/uploads\/2018\/07\/SAM_3841-768x576.jpg 768w\" sizes=\"auto, (max-width: 1024px) 100vw, 1024px\" \/><\/p>\n<div class=\"custombtn\" style=\"text-align:center\">\t\r\n\t   <a class=\"morebutton\" href=\"#\" target\"\">View Gallery<\/a>\t   \t   \r\n\t<\/div>\n<p><\/p>","protected":false},"excerpt":{"rendered":"<p>Con tu donaci\u00f3n podremos ayudar a ni\u00f1os, ni\u00f1as, personas en condici\u00f3n de discapacidad y su n\u00facleo familiar directo, que est\u00e1n en situaci\u00f3n de vulnerabilidad, afectados por la marginalidad, la exclusi\u00f3n y la violencia. Los ayudaremos con\u00a0 proyectos auto sostenibles para generar bienestar que generen empleo y recursos para un futuro m\u00e1s prometedor. Gracias<\/p>\n","protected":false},"author":1,"featured_media":0,"parent":0,"menu_order":0,"comment_status":"closed","ping_status":"closed","template":"","meta":{"footnotes":""},"class_list":["post-707","page","type-page","status-publish","hentry"],"_links":{"self":[{"href":"https:\/\/iefundacion.org\/en\/wp-json\/wp\/v2\/pages\/707","targetHints":{"allow":["GET"]}}],"collection":[{"href":"https:\/\/iefundacion.org\/en\/wp-json\/wp\/v2\/pages"}],"about":[{"href":"https:\/\/iefundacion.org\/en\/wp-json\/wp\/v2\/types\/page"}],"author":[{"embeddable":true,"href":"https:\/\/iefundacion.org\/en\/wp-json\/wp\/v2\/users\/1"}],"replies":[{"embeddable":true,"href":"https:\/\/iefundacion.org\/en\/wp-json\/wp\/v2\/comments?post=707"}],"version-history":[{"count":6,"href":"https:\/\/iefundacion.org\/en\/wp-json\/wp\/v2\/pages\/707\/revisions"}],"predecessor-version":[{"id":1165,"href":"https:\/\/iefundacion.org\/en\/wp-json\/wp\/v2\/pages\/707\/revisions\/1165"}],"wp:attachment":[{"href":"https:\/\/iefundacion.org\/en\/wp-json\/wp\/v2\/media?parent=707"}],"curies":[{"name":"wp","href":"https:\/\/api.w.org\/{rel}","templated":true}]}}