{"id":73,"date":"2017-03-13T17:13:05","date_gmt":"2017-03-13T22:13:05","guid":{"rendered":"http:\/\/iefundacion.org\/?page_id=73"},"modified":"2020-08-20T11:09:31","modified_gmt":"2020-08-20T16:09:31","slug":"proyectosfun","status":"publish","type":"page","link":"https:\/\/iefundacion.org\/en\/proyectosfun\/","title":{"rendered":"CDI"},"content":{"rendered":"<p><\/p>\n<p style=\"text-align: left;\"><img loading=\"lazy\" decoding=\"async\" class=\"size-large wp-image-147 alignleft\" src=\"http:\/\/iefundacion.org\/wp-content\/uploads\/2017\/03\/proyectos-2-1024x338.jpg\" alt=\"\" width=\"640\" height=\"211\" srcset=\"https:\/\/iefundacion.org\/wp-content\/uploads\/2017\/03\/proyectos-2-1024x338.jpg 1024w, https:\/\/iefundacion.org\/wp-content\/uploads\/2017\/03\/proyectos-2-300x99.jpg 300w, https:\/\/iefundacion.org\/wp-content\/uploads\/2017\/03\/proyectos-2-768x253.jpg 768w, https:\/\/iefundacion.org\/wp-content\/uploads\/2017\/03\/proyectos-2.jpg 1530w\" sizes=\"auto, (max-width: 640px) 100vw, 640px\" \/><\/p>\n<p style=\"text-align: left;\"><span style=\"color: #000000;\"><strong><span style=\"vertical-align: inherit;\"><span style=\"vertical-align: inherit;\">CENTRO DE DESARROLLO INTEGRAL DEL TOLIMA &#8220;CDI TOLIMA&#8221;<\/span><\/span><\/strong><\/span><\/p>\n<div class=\"su-row\">\n<div class=\"su-column su-column-size-1-2\">\n<div class=\"su-column-inner su-clearfix\">\n<p><span style=\"vertical-align: inherit; color: #000000;\"><span style=\"vertical-align: inherit;\">El Centro de Desarrollo Integral del Tolima, proyecto gestionado en alianza con las Fundaciones IE y Un\u00e1monos, que consiste en crear una sede donde se brinden servicios de salud, recreaci\u00f3n, deporte, arte, cultura y empleo en personas diversamente h\u00e1biles, madres cabeza de familia , ni\u00f1os y ni\u00f1as con situaci\u00f3n vulnerable del Tolima.<\/span><\/span><\/p>\n<\/div>\n<\/div>\n<div class=\"su-column su-column-size-1-2\">\n<div class=\"su-column-inner su-clearfix\">\n<p><span style=\"color: #000000;\"><span style=\"vertical-align: inherit;\"><span style=\"vertical-align: inherit;\">CDI UNIDAD PRODUCTIVA<\/span><\/span><\/span><\/p>\n<p><span style=\"vertical-align: inherit; color: #000000;\"><span style=\"vertical-align: inherit;\">Creaci\u00f3n de una unidad productiva de dise\u00f1o y confecci\u00f3n con marca registrada y todos los recursos necesarios para su puesta en marcha, como parte del Centro de Desarrollo Integral Tolima (&#8220;CDI Tolima&#8221;).<\/span><\/span><\/p>\n<\/div>\n<\/div>\n<\/div>\n<p><span style=\"color: #000000;\"><span style=\"vertical-align: inherit;\"><span style=\"vertical-align: inherit;\">CDI UNIDAD SALUD, RECREACI\u00d3N Y DEPORTE ADAPTADO<\/span><\/span><\/span><\/p>\n<div class=\"su-row\">\n<div class=\"su-column su-column-size-1-2\">\n<div class=\"su-column-inner su-clearfix\">\n<p><span style=\"vertical-align: inherit; color: #000000;\"><span style=\"vertical-align: inherit;\">Crear una Unidad de Salud, Recreaci\u00f3n y Deporte Adaptado, para ayudar a prevenir casos de enfermedad que derivan en una incapacidad f\u00edsica o discapacidad. <\/span><span style=\"vertical-align: inherit;\">En el Centro de Desarrollo Integral (&#8220;CDI Tolima&#8221;) ofrece programas para una \u00f3ptima calidad de vida y el tiempo libre en un entorno saludable.<\/span><\/span><\/p>\n<\/div>\n<\/div>\n<div class=\"su-column su-column-size-1-2\">\n<div class=\"su-column-inner su-clearfix\">\n<p><span style=\"color: #000000;\"><span style=\"vertical-align: inherit;\"><span style=\"vertical-align: inherit;\">CDI UNIDAD ARTE, CULTURA Y EMPLEO<\/span><\/span><\/span><\/p>\n<p><span style=\"vertical-align: inherit; color: #000000;\"><span style=\"vertical-align: inherit;\">Crear una Unidad de Salud, Recreaci\u00f3n y Deporte Adaptado, para ayudar a prevenir casos de enfermedad que derivan en una incapacidad f\u00edsica o discapacidad. <\/span><span style=\"vertical-align: inherit;\">En el Centro de Desarrollo Integral (&#8220;CDI Tolima&#8221;) ofrece programas para una \u00f3ptima calidad de vida y el tiempo libre en un entorno saludable.<\/span><\/span><\/p>\n<\/div>\n<\/div>\n<\/div>\n<p><iframe loading=\"lazy\" src=\"https:\/\/www.youtube.com\/embed\/I_zQPUIVxOo?ecver=1\" width=\"560\" height=\"315\" frameborder=\"0\" allowfullscreen=\"allowfullscreen\"><\/iframe><\/p>\n<p><\/p>","protected":false},"excerpt":{"rendered":"<p>CENTRO DE DESARROLLO INTEGRAL DEL TOLIMA &#8220;CDI TOLIMA&#8221; El Centro de Desarrollo Integral del Tolima, proyecto gestionado en alianza con las Fundaciones IE y Un\u00e1monos, que consiste en crear una sede donde se brinden servicios de salud, recreaci\u00f3n, deporte, arte, cultura y empleo en personas diversamente h\u00e1biles, madres cabeza de familia , ni\u00f1os y ni\u00f1as con situaci\u00f3n vulnerable del Tolima. CDI UNIDAD PRODUCTIVA Creaci\u00f3n de una unidad productiva de dise\u00f1o y confecci\u00f3n con marca registrada y todos los recursos necesarios para su puesta en marcha, como parte del Centro de Desarrollo Integral Tolima (&#8220;CDI Tolima&#8221;). CDI UNIDAD SALUD, RECREACI\u00d3N Y&#8230; <\/p>\n","protected":false},"author":1,"featured_media":786,"parent":0,"menu_order":20,"comment_status":"closed","ping_status":"closed","template":"","meta":{"footnotes":""},"class_list":["post-73","page","type-page","status-publish","has-post-thumbnail","hentry"],"_links":{"self":[{"href":"https:\/\/iefundacion.org\/en\/wp-json\/wp\/v2\/pages\/73","targetHints":{"allow":["GET"]}}],"collection":[{"href":"https:\/\/iefundacion.org\/en\/wp-json\/wp\/v2\/pages"}],"about":[{"href":"https:\/\/iefundacion.org\/en\/wp-json\/wp\/v2\/types\/page"}],"author":[{"embeddable":true,"href":"https:\/\/iefundacion.org\/en\/wp-json\/wp\/v2\/users\/1"}],"replies":[{"embeddable":true,"href":"https:\/\/iefundacion.org\/en\/wp-json\/wp\/v2\/comments?post=73"}],"version-history":[{"count":33,"href":"https:\/\/iefundacion.org\/en\/wp-json\/wp\/v2\/pages\/73\/revisions"}],"predecessor-version":[{"id":1461,"href":"https:\/\/iefundacion.org\/en\/wp-json\/wp\/v2\/pages\/73\/revisions\/1461"}],"wp:featuredmedia":[{"embeddable":true,"href":"https:\/\/iefundacion.org\/en\/wp-json\/wp\/v2\/media\/786"}],"wp:attachment":[{"href":"https:\/\/iefundacion.org\/en\/wp-json\/wp\/v2\/media?parent=73"}],"curies":[{"name":"wp","href":"https:\/\/api.w.org\/{rel}","templated":true}]}}